{"id":2579,"date":"2020-04-24T22:35:51","date_gmt":"2020-04-25T02:35:51","guid":{"rendered":"https:\/\/campingbernard.com\/virtual-checkout\/"},"modified":"2026-02-26T17:32:52","modified_gmt":"2026-02-26T22:32:52","slug":"virtual-checkout","status":"publish","type":"page","link":"https:\/\/campingbernard.com\/en\/virtual-checkout\/","title":{"rendered":"Virtual Checkout"},"content":{"rendered":"<p>[vc_row][vc_column] <h1 style=\"color:;padding:px;text-align:;font-size:px;line-height:px;letter-spacing: px;font-weight:normal\" class=\"   nd_options_first_font \">Several ways to pay<\/h1> [\/vc_column][\/vc_row][vc_row][vc_column][vc_column_text]Vous trouverez ici les instructions pour les diff\u00e9rentes m\u00e9thodes de paiement offertes par notre organisation.<\/p>\n<p><strong>Nous vous sugg\u00e8rons de nous contacter par courriel lors d&#8217;un paiement, afin de bien valider l&#8217;acheminement de celui-ci.<\/strong>[\/vc_column_text]<div style=\"background-color:;height: 25px\" class=\"nicdark_section  \"><\/div>[\/vc_column][\/vc_row][vc_row][vc_column width=&#8221;1\/4&#8243;][vc_single_image image=&#8221;2587&#8243;][\/vc_column][vc_column width=&#8221;3\/4&#8243;] <h2 style=\"color:;padding:px;text-align:;font-size:px;line-height:px;letter-spacing: px;font-weight:bold\" class=\"   nd_options_first_font \">Virement Interac (m\u00e9thode pr\u00e9f\u00e9r\u00e9e):<\/h2> [vc_column_text]<\/p>\n<ol>\n<li>Connectez-vous au portail en ligne de votre banque<\/li>\n<li>Choisissez l&#8217;option permettant de transf\u00e9rer interac<\/li>\n<li>Pour le destinataire, choisisez par courriel au info@campingbernard.com<\/li>\n<li><strong>Assurez-vous d&#8217;utiliser votre num\u00e9ro de terrain comme r\u00e9ponse \u00e0 la question secr\u00e8te.<\/strong><\/li>\n<\/ol>\n<p><span style=\"color: #ff0000;\"><em>N.B: Si votre terrain comporte deux caract\u00e8res (ex. A2), vous devez simplement ajouter un 0 au chiffre du terrain (ex. A02).<\/em><\/span><\/p>\n<p>[\/vc_column_text][\/vc_column][\/vc_row][vc_row][vc_column width=&#8221;1\/4&#8243;][vc_single_image image=&#8221;2583&#8243;][\/vc_column][vc_column width=&#8221;3\/4&#8243;] <h2 style=\"color:;padding:px;text-align:;font-size:px;line-height:px;letter-spacing: px;font-weight:bold\" class=\"   nd_options_first_font \">Paiements par Carte de cr\u00e9dit:<\/h2> [vc_column_text]<\/p>\n<ol>\n<li>Les paiements par carte de cr\u00e9dit sont accept\u00e9s en personne \u00e0 l&#8217;accueil durant la saison r\u00e9guli\u00e8re ou par t\u00e9l\u00e9phone.<\/li>\n<li>Pour effectuer un paiement hors saison, veuillez utiliser le lien suivant: <strong><a href=\"https:\/\/www.groupeesp.ca\/formulaire-camping-plage-bernard\" target=\"_blank\" rel=\"noopener\">https:\/\/www.groupeesp.ca\/formulaire-camping-plage-bernard<\/a><\/strong><\/li>\n<\/ol>\n<p>[\/vc_column_text][\/vc_column][\/vc_row][vc_row][vc_column width=&#8221;1\/4&#8243;][vc_single_image image=&#8221;2581&#8243;][\/vc_column][vc_column width=&#8221;3\/4&#8243;] <h2 style=\"color:;padding:px;text-align:;font-size:px;line-height:px;letter-spacing: px;font-weight:bold\" class=\"   nd_options_first_font \">Autres m\u00e9thodes de paiement:<\/h2> [vc_column_text]Il existe d&#8217;autres modes de paiements accept\u00e9s, cependant ceux-ci sont discut\u00e9s au cas par cas avec nos clients.<\/p>\n<p>N&#8217;h\u00e9sitez pas \u00e0 nous contacter pour en discuter.[\/vc_column_text][\/vc_column][\/vc_row][vc_row full_width=&#8221;stretch_row&#8221; css=&#8221;.vc_custom_1554369124776{padding-top: 80px !important;padding-bottom: 80px !important;background-image: url(https:\/\/campingbernard.com\/wp-content\/uploads\/2019\/04\/parallax5.jpg?id=1611) !important;background-position: center !important;background-repeat: no-repeat !important;background-size: cover !important;}&#8221;][vc_column css=&#8221;.vc_custom_1540217898647{padding-right: 30px !important;padding-left: 30px !important;}&#8221;][vc_row_inner css=&#8221;.vc_custom_1540301637852{margin-right: 0px !important;margin-left: 0px !important;padding-top: 35px !important;padding-right: 30px !important;padding-bottom: 35px !important;padding-left: 30px !important;background-color: #ffffff !important;}&#8221;][vc_column_inner width=&#8221;1\/3&#8243; css=&#8221;.vc_custom_1585330428540{padding-right: 25px !important;}&#8221;]<div style=\"background-color:;height: 20px\" class=\"nicdark_section  \"><\/div>\n    <div style=\"text-align:left\" class=\"nd_options_section\">\n      <img decoding=\"async\" alt=\"\" style=\"width:200px\" class=\" nd_options_margin_0 nd_options_padding_0 \" src=\"https:\/\/campingbernard.com\/wp-content\/uploads\/2020\/02\/logo_couleur.png\">\n    <\/div>\n   <div style=\"background-color:;height: 25px\" class=\"nicdark_section  \"><\/div>\n\t\n\t<a style=\"margin:0px 20px 0px 0px;border: px solid;border-radius:px;background-color:;padding:\" rel=\"\" target=\" _blank\" href=\"https:\/\/www.facebook.com\/CampingBernard\" class=\"nicdark_display_inline_block nd_options_float_left  \"><img decoding=\"async\" class=\"nd_options_float_left\" alt=\"\" width=\"22\" src=\"https:\/\/campingbernard.com\/wp-content\/uploads\/2019\/04\/facebook.png\"><\/a>\n\t\n\n\t\n\t<a style=\"margin:0px 20px 0px 0px;border: px solid;border-radius:px;background-color:;padding:\" rel=\"\" target=\" _blank\" href=\"https:\/\/twitter.com\/campingbernard\" class=\"nicdark_display_inline_block nd_options_float_left  \"><img decoding=\"async\" class=\"nd_options_float_left\" alt=\"\" width=\"22\" src=\"https:\/\/campingbernard.com\/wp-content\/uploads\/2019\/04\/twitter.png\"><\/a>\n\t\n\n\t\n\t<a style=\"margin:0px 20px 0px 0px;border: px solid;border-radius:px;background-color:;padding:\" rel=\"\" target=\" _blank\" href=\"https:\/\/www.instagram.com\/campingplagebernard\/\" class=\"nicdark_display_inline_block nd_options_float_left  \"><img decoding=\"async\" class=\"nd_options_float_left\" alt=\"\" width=\"22\" src=\"https:\/\/campingbernard.com\/wp-content\/uploads\/2020\/03\/instagram-xxl.png\"><\/a>\n\t\n[\/vc_column_inner][vc_column_inner width=&#8221;5\/12&#8243;] <h6 style=\"color:;padding:px;text-align:;font-size:14px;line-height:14px;letter-spacing: 2px;font-weight:bold\" class=\"   nd_options_first_font \">Liste de diffusion par courriel Infolettre Abonnez-vous!<\/h6> <div style=\"background-color:;height: px\" class=\"nicdark_section  \"><\/div>[vc_raw_html]JTNDZm9ybSUyMGFjdGlvbiUzRCUyMmh0dHBzJTNBJTJGJTJGYXBwLm1haWxwZWFrLmNvbSUyRnN1YnNjcmliZSUyMiUyMG1ldGhvZCUzRCUyMlBPU1QlMjIlMjBhY2NlcHQtY2hhcnNldCUzRCUyMnV0Zi04JTIyJTNFJTBBJTA5JTNDbGFiZWwlMjBmb3IlM0QlMjJuYW1lJTIyJTNFVm90cmUlMjBub20lMjBjb21wbGV0JTNDJTJGbGFiZWwlM0UlM0NiciUyRiUzRSUwQSUwOSUzQ2lucHV0JTIwdHlwZSUzRCUyMnRleHQlMjIlMjBuYW1lJTNEJTIybmFtZSUyMiUyMGlkJTNEJTIybmFtZSUyMiUyRiUzRSUwQSUwOSUzQ2JyJTJGJTNFJTBBJTA5JTNDbGFiZWwlMjBmb3IlM0QlMjJlbWFpbCUyMiUzRVZvdHJlJTIwY291cnJpZWwlM0MlMkZsYWJlbCUzRSUzQ2JyJTJGJTNFJTBBJTA5JTNDaW5wdXQlMjB0eXBlJTNEJTIyZW1haWwlMjIlMjBuYW1lJTNEJTIyZW1haWwlMjIlMjBpZCUzRCUyMmVtYWlsJTIyJTJGJTNFJTNDYnIlMkYlM0UlM0NkaXYlMjBzdHlsZSUzRCUyMmRpc3BsYXklM0Fub25lJTNCJTIyJTNFJTBBJTA5JTNDbGFiZWwlMjBmb3IlM0QlMjJocCUyMiUzRUhQJTNDJTJGbGFiZWwlM0UlM0NiciUyRiUzRSUwQSUwOSUzQ2lucHV0JTIwdHlwZSUzRCUyMnRleHQlMjIlMjBuYW1lJTNEJTIyaHAlMjIlMjBpZCUzRCUyMmhwJTIyJTJGJTNFJTBBJTA5JTNDJTJGZGl2JTNFJTBBJTA5JTNDaW5wdXQlMjB0eXBlJTNEJTIyaGlkZGVuJTIyJTIwbmFtZSUzRCUyMmxpc3QlMjIlMjB2YWx1ZSUzRCUyMlBWYUJqUWNqekZYeHZlS2x6c0dvT3clMjIlMkYlM0UlMEElMDklM0NpbnB1dCUyMHR5cGUlM0QlMjJoaWRkZW4lMjIlMjBuYW1lJTNEJTIyc3ViZm9ybSUyMiUyMHZhbHVlJTNEJTIyeWVzJTIyJTJGJTNFJTBBJTA5JTNDaW5wdXQlMjB0eXBlJTNEJTIyc3VibWl0JTIyJTIwbmFtZSUzRCUyMnN1Ym1pdCUyMiUyMGlkJTNEJTIyc3VibWl0JTIyJTIwdmFsdWUlM0QlMjJBYm9ubmV6LW1vaSUyMSUyMiUyRiUzRSUwQSUzQyUyRmZvcm0lM0UlMEE=[\/vc_raw_html] <h6 style=\"color:#dd3333;padding:px;text-align:;font-size:11px;line-height:14px;letter-spacing: 2px;font-weight:bold\" class=\"   nd_options_first_font \">V\u00e9rifiez votre courriel pour confirmer que nous avons bien re\u00e7u votre inscription<\/h6> [\/vc_column_inner][vc_column_inner width=&#8221;1\/6&#8243;] <h6 style=\"color:;padding:px;text-align:;font-size:14px;line-height:14px;letter-spacing: 2px;font-weight:bold\" class=\"   nd_options_first_font \">INFORMATIONS<\/h6> <div style=\"background-color:;height: 35px\" class=\"nicdark_section  \"><\/div>[vc_column_text]<img decoding=\"async\" class=\"\" src=\"https:\/\/campingbernard.com\/wp-content\/uploads\/2019\/04\/right-arrow.png\" alt=\"\" width=\"10\" \/>\u00a0 <a href=\"https:\/\/campingbernard.com\/nos-services\/#CARTE\">Carte du site<\/a><\/p>\n<p><img decoding=\"async\" class=\"\" src=\"https:\/\/campingbernard.com\/wp-content\/uploads\/2019\/04\/right-arrow.png\" alt=\"\" width=\"10\" \/>\u00a0 <a href=\"https:\/\/campingbernard.com\/nos-services\/\">Services<\/a><\/p>\n<p><img decoding=\"async\" class=\"\" src=\"https:\/\/campingbernard.com\/wp-content\/uploads\/2019\/04\/right-arrow.png\" alt=\"\" width=\"10\" \/>\u00a0 <a href=\"https:\/\/campingbernard.com\/activites\/\">Activit\u00e9s<\/a><\/p>\n<p><img decoding=\"async\" class=\"\" src=\"https:\/\/campingbernard.com\/wp-content\/uploads\/2019\/04\/right-arrow.png\" alt=\"\" width=\"10\" \/>\u00a0 <a href=\"https:\/\/campingbernard.com\/contact\/#EMPLOIS\">Emplois offerts<\/a><\/p>\n<p><img decoding=\"async\" class=\"\" src=\"https:\/\/campingbernard.com\/wp-content\/uploads\/2019\/04\/right-arrow.png\" alt=\"\" width=\"10\" \/>\u00a0 <a href=\"https:\/\/campingbernard.com\/contact\/\">Contact<\/a><\/p>\n<p><img decoding=\"async\" class=\"\" src=\"https:\/\/campingbernard.com\/wp-content\/uploads\/2019\/04\/right-arrow.png\" alt=\"\" width=\"10\" \/> \u00a0<a href=\"https:\/\/campingbernard.com\/paiement\/\">Caisse virtuelle<\/a>[\/vc_column_text][\/vc_column_inner][\/vc_row_inner][vc_row_inner css=&#8221;.vc_custom_1581014323488{margin-right: 0px !important;margin-left: 0px !important;background-color: #7cbee8 !important;}&#8221;][vc_column_inner width=&#8221;1\/2&#8243; css=&#8221;.vc_custom_1539695353436{padding: 20px !important;}&#8221;] <h6 style=\"color:#ffffff;padding:px;text-align:;font-size:12px;line-height:12px;letter-spacing: 2px;font-weight:normal\" class=\"  nd_options_text_align_center_responsive_important nd_options_first_font \">\u00a9 GESTION R.P.R. INC. - 2020 - Tous droits r\u00e9serv\u00e9s<br \/>\nCr\u00e9\u00e9 par C.Archamault, g\u00e9r\u00e9 par Gestion DBI Inc.<\/h6> [\/vc_column_inner][vc_column_inner width=&#8221;1\/2&#8243; css=&#8221;.vc_custom_1539695361705{padding: 20px !important;}&#8221;] <h6 style=\"color:#ffffff;padding:px;text-align:;font-size:12px;line-height:12px;letter-spacing: 2px;font-weight:normal\" class=\"  nd_options_text_align_center_responsive_important nd_options_first_font \">Certificat d'h\u00e9bergement touristique #199706<\/h6> [\/vc_column_inner][\/vc_row_inner][\/vc_column][\/vc_row]<\/p>\n","protected":false},"excerpt":{"rendered":"<p>[vc_row][vc_column][\/vc_column][\/vc_row][vc_row][vc_column][vc_column_text]Vous trouverez ici les instructions pour les diff\u00e9rentes m\u00e9thodes de paiement offertes par notre organisation. Nous vous sugg\u00e8rons de nous contacter par courriel lors d&#8217;un paiement, afin de bien valider l&#8217;acheminement de celui-ci.[\/vc_column_text][\/vc_column][\/vc_row][vc_row][vc_column width=&#8221;1\/4&#8243;][vc_single_image image=&#8221;2587&#8243;][\/vc_column][vc_column width=&#8221;3\/4&#8243;][vc_column_text] Connectez-vous au portail en ligne de votre banque Choisissez l&#8217;option permettant de transf\u00e9rer interac Pour le destinataire, choisisez par [&hellip;]<\/p>\n","protected":false},"author":2,"featured_media":0,"parent":0,"menu_order":0,"comment_status":"closed","ping_status":"closed","template":"","meta":{"footnotes":""},"class_list":["post-2579","page","type-page","status-publish","hentry"],"_links":{"self":[{"href":"https:\/\/campingbernard.com\/en\/wp-json\/wp\/v2\/pages\/2579","targetHints":{"allow":["GET"]}}],"collection":[{"href":"https:\/\/campingbernard.com\/en\/wp-json\/wp\/v2\/pages"}],"about":[{"href":"https:\/\/campingbernard.com\/en\/wp-json\/wp\/v2\/types\/page"}],"author":[{"embeddable":true,"href":"https:\/\/campingbernard.com\/en\/wp-json\/wp\/v2\/users\/2"}],"replies":[{"embeddable":true,"href":"https:\/\/campingbernard.com\/en\/wp-json\/wp\/v2\/comments?post=2579"}],"version-history":[{"count":11,"href":"https:\/\/campingbernard.com\/en\/wp-json\/wp\/v2\/pages\/2579\/revisions"}],"predecessor-version":[{"id":6067,"href":"https:\/\/campingbernard.com\/en\/wp-json\/wp\/v2\/pages\/2579\/revisions\/6067"}],"wp:attachment":[{"href":"https:\/\/campingbernard.com\/en\/wp-json\/wp\/v2\/media?parent=2579"}],"curies":[{"name":"wp","href":"https:\/\/api.w.org\/{rel}","templated":true}]}}