{"id":3466,"date":"2021-04-10T11:02:05","date_gmt":"2021-04-10T15:02:05","guid":{"rendered":"https:\/\/campingbernard.com\/?page_id=3466"},"modified":"2023-08-25T22:00:09","modified_gmt":"2023-08-26T02:00:09","slug":"wifi","status":"publish","type":"page","link":"https:\/\/campingbernard.com\/en\/wifi\/","title":{"rendered":"WiFi procedures"},"content":{"rendered":"<p>[vc_row][vc_column] <h1 style=\"color:;padding:px;text-align:;font-size:px;line-height:px;letter-spacing: px;font-weight:normal\" class=\"   nd_options_first_font \">Several ways to pay<\/h1> [\/vc_column][\/vc_row][vc_row][vc_column][vc_column_text]<\/p>\n<p>Here are the steps to follow in order to use our wireless network (Wi-Fi), covering the vast majority of our site.<\/p>\n<p><span style=\"color: #ff0000;\"><strong>Please READ and FOLLOW the instructions below to obtain your access code! We recommend that you read the 2 steps before proceeding with your subscription!<\/strong><\/span><\/p>\n<p>&nbsp;<\/p>\n<p>[\/vc_column_text][vc_empty_space height=&#8221;40px&#8221;]<div style=\"background-color:;height: 25px\" class=\"nicdark_section  \"><\/div>[\/vc_column][\/vc_row][vc_row][vc_column width=&#8221;1\/4&#8243;][vc_single_image image=&#8221;3474&#8243;][\/vc_column][vc_column width=&#8221;3\/4&#8243;] <h2 style=\"color:;padding:px;text-align:;font-size:px;line-height:px;letter-spacing: px;font-weight:bold\" class=\"   nd_options_first_font \">Step 1 - Subscription<\/h2> [vc_column_text]In order to access the network, you must first purchase a subscription. You will find the list of packages offered below. Simply click on the one you are interested in to proceed with the purchase.<\/p>\n<p>Take note, a subscription gives you the right to use WiFi on 2 of your devices. It is not possible to change the device afterwards.<\/p>\n<p>&nbsp;<\/p>\n<ul>\n<li><a href=\"https:\/\/transactions.sendowl.com\/products\/78485897\/0BC2CCFC\/purchase\"><strong><u>1 hour access: 4.99$<\/u><\/strong><\/a><\/li>\n<li><a href=\"https:\/\/transactions.sendowl.com\/products\/78485899\/732456E3\/purchase\"><strong><u>Daily access (24 hours): 9.99$<\/u><\/strong><\/a><\/li>\n<li><a href=\"https:\/\/transactions.sendowl.com\/products\/78485900\/F4DF0BF2\/purchase\"><strong><u>Weekly access (1 week\/7 days): 24.99$<\/u><\/strong><\/a><\/li>\n<li><a href=\"https:\/\/transactions.sendowl.com\/products\/78485901\/9D2A6E11\/purchase\"><strong><u>Monthly access (30 days): 39.99$<\/u><\/strong><\/a><\/li>\n<\/ul>\n<pre>N.B: Taxes included.<\/pre>\n<p>[\/vc_column_text][vc_empty_space height=&#8221;40px&#8221;][\/vc_column][\/vc_row][vc_row][vc_column width=&#8221;1\/4&#8243;][vc_single_image image=&#8221;3476&#8243;][\/vc_column][vc_column width=&#8221;3\/4&#8243;] <h2 style=\"color:;padding:px;text-align:;font-size:px;line-height:px;letter-spacing: px;font-weight:bold\" class=\"   nd_options_first_font \">Step 2 - Connect to the network<\/h2> [vc_column_text]Once your subscription is purchased, you will get a code (License Key \/ Voucher). <strong>Please take note of this code.<\/strong> (You will also receive a copy of the code on your email)<\/p>\n<p><img decoding=\"async\" src=\"https:\/\/campingbernard.com\/wp-content\/uploads\/2021\/04\/Code-Voucher.jpg\" alt=\"VoucherPage\" \/><\/p>\n<p>&nbsp;<\/p>\n<p>Once the code has been noted, please return to the Wifi Camping Plage Bernard home page and enter the code you obtained previously:<\/p>\n<p><a href=\"http:\/\/198.27.87.82:8880\/guest\"><img loading=\"lazy\" decoding=\"async\" class=\"alignnone\" src=\"https:\/\/campingbernard.com\/wp-content\/uploads\/2021\/04\/CampingBernard-CaptivePortal.jpg\" alt=\"VoucherPage\" width=\"1062\" height=\"576\" \/><\/a><\/p>\n<p><em>If the login portal is not displayed, you can use this <a href=\"http:\/\/198.27.87.82:8880\/guest\">link<\/a>.<\/em><\/p>\n<p>&nbsp;<\/p>\n<p><strong>You are now connected to our WiFi! Welcome!<\/strong><\/p>\n<p>[\/vc_column_text][vc_empty_space height=&#8221;40px&#8221;][vc_empty_space height=&#8221;40px&#8221;][\/vc_column][\/vc_row][vc_row][vc_column width=&#8221;1\/4&#8243;][vc_single_image image=&#8221;3478&#8243;][\/vc_column][vc_column width=&#8221;3\/4&#8243;] <h2 style=\"color:;padding:px;text-align:;font-size:px;line-height:px;letter-spacing: px;font-weight:bold\" class=\"   nd_options_first_font \">Problems or questions?<\/h2> [vc_column_text]<\/p>\n<p>If you have any problems purchasing or connecting to the network, please go to the Camping Plage Bernard convenience store for assistance.<\/p>\n<p>&nbsp;<\/p>\n<p>[\/vc_column_text][\/vc_column][\/vc_row][vc_row full_width=&#8221;stretch_row&#8221; css=&#8221;.vc_custom_1554369124776{padding-top: 80px !important;padding-bottom: 80px !important;background-image: url(https:\/\/campingbernard.com\/wp-content\/uploads\/2019\/04\/parallax5.jpg?id=1611) !important;background-position: center !important;background-repeat: no-repeat !important;background-size: cover !important;}&#8221;][vc_column css=&#8221;.vc_custom_1540217898647{padding-right: 30px !important;padding-left: 30px !important;}&#8221;][vc_row_inner css=&#8221;.vc_custom_1540301637852{margin-right: 0px !important;margin-left: 0px !important;padding-top: 35px !important;padding-right: 30px !important;padding-bottom: 35px !important;padding-left: 30px !important;background-color: #ffffff !important;}&#8221;][vc_column_inner width=&#8221;1\/3&#8243; css=&#8221;.vc_custom_1585330428540{padding-right: 25px !important;}&#8221;]<div style=\"background-color:;height: 20px\" class=\"nicdark_section  \"><\/div>\n    <div style=\"text-align:left\" class=\"nd_options_section\">\n      <img decoding=\"async\" alt=\"\" style=\"width:200px\" class=\" nd_options_margin_0 nd_options_padding_0 \" src=\"https:\/\/campingbernard.com\/wp-content\/uploads\/2020\/02\/logo_couleur.png\">\n    <\/div>\n   <div style=\"background-color:;height: 25px\" class=\"nicdark_section  \"><\/div>\n\t\n\t<a style=\"margin:0px 20px 0px 0px;border: px solid;border-radius:px;background-color:;padding:\" rel=\"\" target=\" _blank\" href=\"https:\/\/www.facebook.com\/CampingBernard\" class=\"nicdark_display_inline_block nd_options_float_left  \"><img decoding=\"async\" class=\"nd_options_float_left\" alt=\"\" width=\"22\" src=\"https:\/\/campingbernard.com\/wp-content\/uploads\/2019\/04\/facebook.png\"><\/a>\n\t\n\n\t\n\t<a style=\"margin:0px 20px 0px 0px;border: px solid;border-radius:px;background-color:;padding:\" rel=\"\" target=\" _blank\" href=\"https:\/\/twitter.com\/campingbernard\" class=\"nicdark_display_inline_block nd_options_float_left  \"><img decoding=\"async\" class=\"nd_options_float_left\" alt=\"\" width=\"22\" src=\"https:\/\/campingbernard.com\/wp-content\/uploads\/2019\/04\/twitter.png\"><\/a>\n\t\n\n\t\n\t<a style=\"margin:0px 20px 0px 0px;border: px solid;border-radius:px;background-color:;padding:\" rel=\"\" target=\" _blank\" href=\"https:\/\/www.instagram.com\/campingplagebernard\/\" class=\"nicdark_display_inline_block nd_options_float_left  \"><img decoding=\"async\" class=\"nd_options_float_left\" alt=\"\" width=\"22\" src=\"https:\/\/campingbernard.com\/wp-content\/uploads\/2020\/03\/instagram-xxl.png\"><\/a>\n\t\n[\/vc_column_inner][vc_column_inner width=&#8221;5\/12&#8243;] <h6 style=\"color:;padding:px;text-align:;font-size:14px;line-height:14px;letter-spacing: 2px;font-weight:bold\" class=\"   nd_options_first_font \">Liste de diffusion par courriel Infolettre Abonnez-vous!<\/h6> <div style=\"background-color:;height: px\" class=\"nicdark_section  \"><\/div>[vc_raw_html]PGZvcm0gYWNjZXB0LWNoYXJzZXQ9InV0Zi04IiBhY3Rpb249Imh0dHBzOi8vYXBwLm1haWxwZWFrLmNvbS9zdWJzY3JpYmUiIG1ldGhvZD0iUE9TVCI+PGxhYmVsIGZvcj0ibmFtZSI+Vm90cmUgbm9tIGNvbXBsZXQ8L2xhYmVsPg0KPGlucHV0IGlkPSJuYW1lIiBuYW1lPSJuYW1lIiB0eXBlPSJ0ZXh0IiAvPg0KDQo8bGFiZWwgZm9yPSJlbWFpbCI+Vm90cmUgY291cnJpZWw8L2xhYmVsPg0KPGlucHV0IGlkPSJlbWFpbCIgbmFtZT0iZW1haWwiIHR5cGU9ImVtYWlsIiAvPg0KPGRpdiBzdHlsZT0iZGlzcGxheTogbm9uZTsiPjxsYWJlbCBmb3I9ImhwIj5IUDwvbGFiZWw+DQo8aW5wdXQgaWQ9ImhwIiBuYW1lPSJocCIgdHlwZT0idGV4dCIgLz48L2Rpdj4NCjxpbnB1dCBuYW1lPSJsaXN0IiB0eXBlPSJoaWRkZW4iIHZhbHVlPSJQVmFCalFjanpGWHh2ZUtsenNHb093IiAvPg0KPGlucHV0IG5hbWU9InN1YmZvcm0iIHR5cGU9ImhpZGRlbiIgdmFsdWU9InllcyIgLz4NCjxpbnB1dCBpZD0ic3VibWl0IiBuYW1lPSJzdWJtaXQiIHR5cGU9InN1Ym1pdCIgdmFsdWU9IkFib25uZXotbW9pISIgLz4NCg0KPC9mb3JtPg==[\/vc_raw_html] <h6 style=\"color:#dd3333;padding:px;text-align:;font-size:11px;line-height:14px;letter-spacing: 2px;font-weight:bold\" class=\"   nd_options_first_font \">V\u00e9rifiez votre courriel pour confirmer que nous avons bien re\u00e7u votre inscription<\/h6> [\/vc_column_inner][vc_column_inner width=&#8221;1\/6&#8243;] <h6 style=\"color:;padding:px;text-align:;font-size:14px;line-height:14px;letter-spacing: 2px;font-weight:bold\" class=\"   nd_options_first_font \">INFORMATIONS<\/h6> <div style=\"background-color:;height: 35px\" class=\"nicdark_section  \"><\/div>[vc_column_text]<img decoding=\"async\" class=\"\" src=\"https:\/\/campingbernard.com\/wp-content\/uploads\/2019\/04\/right-arrow.png\" alt=\"\" width=\"10\" \/>\u00a0 <a href=\"https:\/\/campingbernard.com\/en\/services\/#CARTE\">Carte du site<\/a><\/p>\n<p><img decoding=\"async\" class=\"\" src=\"https:\/\/campingbernard.com\/wp-content\/uploads\/2019\/04\/right-arrow.png\" alt=\"\" width=\"10\" \/>\u00a0 <a href=\"https:\/\/campingbernard.com\/en\/services\/\">Services<\/a><\/p>\n<p><img decoding=\"async\" class=\"\" src=\"https:\/\/campingbernard.com\/wp-content\/uploads\/2019\/04\/right-arrow.png\" alt=\"\" width=\"10\" \/>\u00a0 <a href=\"https:\/\/campingbernard.com\/en\/activities\/\">Activit\u00e9s<\/a><\/p>\n<p><img decoding=\"async\" class=\"\" src=\"https:\/\/campingbernard.com\/wp-content\/uploads\/2019\/04\/right-arrow.png\" alt=\"\" width=\"10\" \/>\u00a0 <a href=\"https:\/\/campingbernard.com\/en\/contact\/#EMPLOIS\">Emplois offerts<\/a><\/p>\n<p><img decoding=\"async\" class=\"\" src=\"https:\/\/campingbernard.com\/wp-content\/uploads\/2019\/04\/right-arrow.png\" alt=\"\" width=\"10\" \/>\u00a0 <a href=\"https:\/\/campingbernard.com\/en\/contact\/\">Contact<\/a><\/p>\n<p><img decoding=\"async\" class=\"\" src=\"https:\/\/campingbernard.com\/wp-content\/uploads\/2019\/04\/right-arrow.png\" alt=\"\" width=\"10\" \/> \u00a0<a href=\"https:\/\/campingbernard.com\/en\/virtual-checkout\/\">Caisse virtuelle<\/a>[\/vc_column_text][\/vc_column_inner][\/vc_row_inner][vc_row_inner css=&#8221;.vc_custom_1581014323488{margin-right: 0px !important;margin-left: 0px !important;background-color: #7cbee8 !important;}&#8221;][vc_column_inner width=&#8221;1\/2&#8243; css=&#8221;.vc_custom_1539695353436{padding: 20px !important;}&#8221;] <h6 style=\"color:#ffffff;padding:px;text-align:;font-size:12px;line-height:12px;letter-spacing: 2px;font-weight:normal\" class=\"  nd_options_text_align_center_responsive_important nd_options_first_font \">\u00a9 GESTION R.P.R. INC. - 2020 - Tous droits r\u00e9serv\u00e9s<br \/>\nCr\u00e9\u00e9 par C.Archamault, g\u00e9r\u00e9 par Gestion DBI Inc.<\/h6> [\/vc_column_inner][vc_column_inner width=&#8221;1\/2&#8243; css=&#8221;.vc_custom_1539695361705{padding: 20px !important;}&#8221;] <h6 style=\"color:#ffffff;padding:px;text-align:;font-size:12px;line-height:12px;letter-spacing: 2px;font-weight:normal\" class=\"  nd_options_text_align_center_responsive_important nd_options_first_font \">Tourist accommodation establishment #199706<\/h6> [\/vc_column_inner][\/vc_row_inner][\/vc_column][\/vc_row]<\/p>\n","protected":false},"excerpt":{"rendered":"<p>[vc_row][vc_column][\/vc_column][\/vc_row][vc_row][vc_column][vc_column_text] Here are the steps to follow in order to use our wireless network (Wi-Fi), covering the vast majority of our site. Please READ and FOLLOW the instructions below to obtain your access code! We recommend that you read the 2 steps before proceeding with your subscription! &nbsp; [\/vc_column_text][vc_empty_space height=&#8221;40px&#8221;][\/vc_column][\/vc_row][vc_row][vc_column width=&#8221;1\/4&#8243;][vc_single_image image=&#8221;3474&#8243;][\/vc_column][vc_column width=&#8221;3\/4&#8243;][vc_column_text]In order to [&hellip;]<\/p>\n","protected":false},"author":1,"featured_media":0,"parent":0,"menu_order":0,"comment_status":"closed","ping_status":"closed","template":"","meta":{"footnotes":""},"class_list":["post-3466","page","type-page","status-publish","hentry"],"_links":{"self":[{"href":"https:\/\/campingbernard.com\/en\/wp-json\/wp\/v2\/pages\/3466","targetHints":{"allow":["GET"]}}],"collection":[{"href":"https:\/\/campingbernard.com\/en\/wp-json\/wp\/v2\/pages"}],"about":[{"href":"https:\/\/campingbernard.com\/en\/wp-json\/wp\/v2\/types\/page"}],"author":[{"embeddable":true,"href":"https:\/\/campingbernard.com\/en\/wp-json\/wp\/v2\/users\/1"}],"replies":[{"embeddable":true,"href":"https:\/\/campingbernard.com\/en\/wp-json\/wp\/v2\/comments?post=3466"}],"version-history":[{"count":18,"href":"https:\/\/campingbernard.com\/en\/wp-json\/wp\/v2\/pages\/3466\/revisions"}],"predecessor-version":[{"id":4884,"href":"https:\/\/campingbernard.com\/en\/wp-json\/wp\/v2\/pages\/3466\/revisions\/4884"}],"wp:attachment":[{"href":"https:\/\/campingbernard.com\/en\/wp-json\/wp\/v2\/media?parent=3466"}],"curies":[{"name":"wp","href":"https:\/\/api.w.org\/{rel}","templated":true}]}}